{"id":69,"date":"2022-03-22T19:15:20","date_gmt":"2022-03-22T19:15:20","guid":{"rendered":"http:\/\/drnoegel.de\/?page_id=69"},"modified":"2025-02-18T06:15:32","modified_gmt":"2025-02-18T06:15:32","slug":"impressum","status":"publish","type":"page","link":"https:\/\/drnoegel.de\/?page_id=69","title":{"rendered":"Impressum"},"content":{"rendered":"\n<h1 class=\"wp-block-heading\">Impressum<\/h1>\n\n\n\n<h4 class=\"wp-block-heading\">Angaben (gem. \u00a7 5 TMG, \u00a7 2 DL-InfoV)<\/h4>\n\n\n\n<p>Telefon: 0911 \/ 596 390 44<\/p>\n\n\n\n<p>Vasiliki N\u00f6gel<br>Metthingstr. 14<br>90480 N\u00fcrnberg<br><br>Bundesarztnummer 090 <strong>234988<\/strong> -5<br>Fach\u00e4rztin f\u00fcr Psychiatrie und Psychotherapie, verliehen durch die Bayerische Landes\u00e4rztekammer, M\u00fchlbaurstra\u00dfe 16, 81677 M\u00fcnchen<\/p>\n\n\n\n<p>G\u00fcltig ist die Berufsordnung der Bayerischen Landes\u00e4rztekammer f\u00fcr die \u00c4rzte Bayerns www.blaek.de<\/p>\n\n\n\n<h4 class=\"wp-block-heading\">Verantwortlich f\u00fcr den Inhalt (gem. \u00a7 55 Abs. 2 RStV)<\/h4>\n\n\n\n<p>Dr. med. Dr. med. dent. Thomas N\u00f6gel<br>L\u00e4ngenstra\u00dfe 26<br>90491 N\u00fcrnberg<\/p>\n\n\n\n<h4 class=\"wp-block-heading\">Online-Streitbeilegung in Verbraucherangelegenheiten (gem. Verordnung (EU) Nr. 524\/2013)<\/h4>\n\n\n\n<p>Die Europ\u00e4ische Kommission stellt eine Plattform zur Online-Streitbeilegung (OS) bereit, die unter dem nachfolgendem Link abrufbar ist: <a href=\"http:\/\/ec.europa.eu\/consumers\/odr\/\">OS-PLATTFORM<\/a><\/p>\n\n\n\n<p>Diese Plattform soll Verbrauchern die M\u00f6glichkeit bieten, Streitigkeiten aus dem Online-Vertrag au\u00dfergerichtlich zu kl\u00e4ren. <\/p>\n\n\n\n<h4 class=\"wp-block-heading\">Haftungsausschluss (Disclaimer)<\/h4>\n\n\n\n<p>Als Diensteanbieter sind wir gem\u00e4\u00df \u00a7 7 Abs. 1 TMG f\u00fcr eigene Inhalte auf diesen Seiten nach den allgemeinen Gesetzen verantwortlich. Nach \u00a7\u00a7 8 bis 10 TMG sind wir als Diensteanbieter jedoch nicht verpflichtet, \u00fcbermittelte oder gespeicherte fremde Informationen zu \u00fcberwachen oder nach Umst\u00e4nden zu forschen, die auf eine rechtswidrige T\u00e4tigkeit hinweisen. Trotz sorgf\u00e4ltiger Pr\u00fcfung k\u00f6nnen wir keine Haftung f\u00fcr die Inhalte externer Links \u00fcbernehmen. F\u00fcr den Inhalt dieser Seiten sind ausschlie\u00dflich deren Betreiber verantwortlich.<\/p>\n","protected":false},"excerpt":{"rendered":"<p>Impressum Angaben (gem. \u00a7 5 TMG, \u00a7 2 DL-InfoV) Telefon: 0911 \/ 596 390 44 Vasiliki N\u00f6gelMetthingstr. 1490480 N\u00fcrnberg Bundesarztnummer 090 234988 -5Fach\u00e4rztin f\u00fcr Psychiatrie und Psychotherapie, verliehen durch die Bayerische Landes\u00e4rztekammer, M\u00fchlbaurstra\u00dfe 16, 81677 M\u00fcnchen G\u00fcltig ist die Berufsordnung der Bayerischen Landes\u00e4rztekammer f\u00fcr die \u00c4rzte Bayerns www.blaek.de Verantwortlich f\u00fcr den Inhalt (gem. \u00a7 55 [&hellip;]<\/p>\n","protected":false},"author":1,"featured_media":0,"parent":141,"menu_order":0,"comment_status":"closed","ping_status":"closed","template":"template-fullwidth.php","meta":{"footnotes":""},"class_list":["post-69","page","type-page","status-publish","hentry"],"_links":{"self":[{"href":"https:\/\/drnoegel.de\/index.php?rest_route=\/wp\/v2\/pages\/69","targetHints":{"allow":["GET"]}}],"collection":[{"href":"https:\/\/drnoegel.de\/index.php?rest_route=\/wp\/v2\/pages"}],"about":[{"href":"https:\/\/drnoegel.de\/index.php?rest_route=\/wp\/v2\/types\/page"}],"author":[{"embeddable":true,"href":"https:\/\/drnoegel.de\/index.php?rest_route=\/wp\/v2\/users\/1"}],"replies":[{"embeddable":true,"href":"https:\/\/drnoegel.de\/index.php?rest_route=%2Fwp%2Fv2%2Fcomments&post=69"}],"version-history":[{"count":16,"href":"https:\/\/drnoegel.de\/index.php?rest_route=\/wp\/v2\/pages\/69\/revisions"}],"predecessor-version":[{"id":284,"href":"https:\/\/drnoegel.de\/index.php?rest_route=\/wp\/v2\/pages\/69\/revisions\/284"}],"up":[{"embeddable":true,"href":"https:\/\/drnoegel.de\/index.php?rest_route=\/wp\/v2\/pages\/141"}],"wp:attachment":[{"href":"https:\/\/drnoegel.de\/index.php?rest_route=%2Fwp%2Fv2%2Fmedia&parent=69"}],"curies":[{"name":"wp","href":"https:\/\/api.w.org\/{rel}","templated":true}]}}