{"id":141,"date":"2022-03-30T20:16:07","date_gmt":"2022-03-30T20:16:07","guid":{"rendered":"https:\/\/drnoegel.de\/?page_id=141"},"modified":"2025-02-18T06:14:59","modified_gmt":"2025-02-18T06:14:59","slug":"kontakt","status":"publish","type":"page","link":"https:\/\/drnoegel.de\/?page_id=141","title":{"rendered":"Kontakt"},"content":{"rendered":"\n<p>Vasiliki N\u00f6gel<br>Fach\u00e4rztin f\u00fcr Psychiatrie und Psychotherapie<br>Metthingstr. 14<br>90480 N\u00fcrnberg<br><br>Telefon Praxis: 0911 \/ 596 390 44<br><br><strong>Wichtiger Hinweis : Wir k\u00f6nnen leider bis auf weiteres keine Kassenpatienten bzw. Selbstzahler mehr aufnehmen. <\/strong><\/p>\n\n\n\n<p><\/p>\n","protected":false},"excerpt":{"rendered":"<p>Vasiliki N\u00f6gelFach\u00e4rztin f\u00fcr Psychiatrie und PsychotherapieMetthingstr. 1490480 N\u00fcrnberg Telefon Praxis: 0911 \/ 596 390 44 Wichtiger Hinweis : Wir k\u00f6nnen leider bis auf weiteres keine Kassenpatienten bzw. Selbstzahler mehr aufnehmen.<\/p>\n","protected":false},"author":1,"featured_media":0,"parent":0,"menu_order":0,"comment_status":"closed","ping_status":"closed","template":"","meta":{"footnotes":""},"class_list":["post-141","page","type-page","status-publish","hentry"],"_links":{"self":[{"href":"https:\/\/drnoegel.de\/index.php?rest_route=\/wp\/v2\/pages\/141","targetHints":{"allow":["GET"]}}],"collection":[{"href":"https:\/\/drnoegel.de\/index.php?rest_route=\/wp\/v2\/pages"}],"about":[{"href":"https:\/\/drnoegel.de\/index.php?rest_route=\/wp\/v2\/types\/page"}],"author":[{"embeddable":true,"href":"https:\/\/drnoegel.de\/index.php?rest_route=\/wp\/v2\/users\/1"}],"replies":[{"embeddable":true,"href":"https:\/\/drnoegel.de\/index.php?rest_route=%2Fwp%2Fv2%2Fcomments&post=141"}],"version-history":[{"count":9,"href":"https:\/\/drnoegel.de\/index.php?rest_route=\/wp\/v2\/pages\/141\/revisions"}],"predecessor-version":[{"id":283,"href":"https:\/\/drnoegel.de\/index.php?rest_route=\/wp\/v2\/pages\/141\/revisions\/283"}],"wp:attachment":[{"href":"https:\/\/drnoegel.de\/index.php?rest_route=%2Fwp%2Fv2%2Fmedia&parent=141"}],"curies":[{"name":"wp","href":"https:\/\/api.w.org\/{rel}","templated":true}]}}